{"id":8,"date":"2014-09-11T19:43:39","date_gmt":"2014-09-11T17:43:39","guid":{"rendered":"http:\/\/intobags.de\/?page_id=8"},"modified":"2021-05-19T03:26:23","modified_gmt":"2021-05-19T01:26:23","slug":"notebooktaschen","status":"publish","type":"page","link":"https:\/\/intobags.de\/?page_id=8","title":{"rendered":"CASUAL-TASCHEN"},"content":{"rendered":"<h1>Casual-Taschen<\/h1>\n<div>Hier bei IntoBags finden Sie Casual-Taschen von etablierten Marken wie z. B. DANIEL RAY\u00ae. Viele Taschen in dieser Sparte k\u00f6nnen nat\u00fcrlich auch hervorragend als Notebook-Taschen verwendet werden. Sie haben zus\u00e4tzlich zu anderen Taschen \u00fcber einem Innenfach eine Schlaufe mit Klettverschluss. Das Material aller dieser Casual-Taschen ist weiches PU. Sehr angenehm im Handling, stabil, sehr gut verarbeitet und sie sehen so gar nicht wie klassische Business- oder Notebooktaschen aus. Es gibt sie in der Form kleiner Reisetaschen mit bequemen Handgriffen, als stylishe Messengertasche mit Schultergurt und als angesagte Schultertasche mit Platz f\u00fcr Vieles. Wir haben f\u00fcr Sie eine Reihe verschiedener Farben vorr\u00e4tig. Preislich liegen die Casual-Taschen zwischen 35,50 und 46,50 EURO.<\/div>\n<div>&nbsp;<\/div>\n<div><a title=\"Laptoptasche\" href=\"http:\/\/intobags.de\/oldstuff\/images\/Laptoptaschen\/Laptop1.jpg\" rel=\"lightbox[roadtrip]\"><br \/>\n<img decoding=\"async\" src=\"http:\/\/intobags.de\/oldstuff\/images\/Laptoptaschen\/Laptop1-th.jpg\" alt=\"Laptoptasche\"><\/a><a title=\"Laptoptasche\" href=\"http:\/\/intobags.de\/oldstuff\/images\/Laptoptaschen\/Laptop1-innen.jpg\" rel=\"lightbox[roadtrip]\"><img decoding=\"async\" src=\"http:\/\/intobags.de\/oldstuff\/images\/Laptoptaschen\/Laptop1-innen-th.jpg\" alt=\"Laptoptasche\"><\/a><a title=\"Laptoptasche\" href=\"http:\/\/intobags.de\/oldstuff\/images\/Laptoptaschen\/Laptop1-black-front.jpg\" rel=\"lightbox[roadtrip]\"><img decoding=\"async\" src=\"http:\/\/intobags.de\/oldstuff\/images\/Laptoptaschen\/Laptop1-black-front-th.jpg\" alt=\"Laptoptasche\"><\/a><a title=\"Laptoptasche\" href=\"http:\/\/intobags.de\/oldstuff\/images\/Laptoptaschen\/Laptop1-black.jpg\" rel=\"lightbox[roadtrip]\"><img decoding=\"async\" src=\"http:\/\/intobags.de\/oldstuff\/images\/Laptoptaschen\/Laptop1-black-th.jpg\" alt=\"Laptoptasche\"><\/a><a title=\"Laptoptasche\" href=\"http:\/\/intobags.de\/oldstuff\/images\/Laptoptaschen\/Laptop1-beige-front.jpg\" rel=\"lightbox[roadtrip]\"><img decoding=\"async\" src=\"http:\/\/intobags.de\/oldstuff\/images\/Laptoptaschen\/Laptop1-beige-front-th.jpg\" alt=\"Laptoptasche\"><\/a><a title=\"Laptoptasche\" href=\"http:\/\/intobags.de\/oldstuff\/images\/Laptoptaschen\/Laptop1-beige.jpg\" rel=\"lightbox[roadtrip]\"><img decoding=\"async\" src=\"http:\/\/intobags.de\/oldstuff\/images\/Laptoptaschen\/Laptop1-beige-th.jpg\" alt=\"Laptoptasche\"><\/a><a title=\"Laptoptasche\" href=\"http:\/\/intobags.de\/oldstuff\/images\/Laptoptaschen\/Laptop2.jpg\" rel=\"lightbox[roadtrip]\"><img decoding=\"async\" src=\"http:\/\/intobags.de\/oldstuff\/images\/Laptoptaschen\/Laptop2-th.jpg\" alt=\"Laptoptasche\"><\/a><a title=\"Laptoptasche\" href=\"http:\/\/intobags.de\/oldstuff\/images\/Laptoptaschen\/Laptop2-innen.jpg\" rel=\"lightbox[roadtrip]\"><img decoding=\"async\" src=\"http:\/\/intobags.de\/oldstuff\/images\/Laptoptaschen\/Laptop2-innen-th.jpg\" alt=\"Laptoptasche\"><\/a><a title=\"Laptoptasche\" href=\"http:\/\/intobags.de\/oldstuff\/images\/Laptoptaschen\/Laptop3.jpg\" rel=\"lightbox[roadtrip]\"><img decoding=\"async\" src=\"http:\/\/intobags.de\/oldstuff\/images\/Laptoptaschen\/Laptop3-th.jpg\" alt=\"Laptoptasche\"><\/a><a title=\"Laptoptasche\" href=\"http:\/\/intobags.de\/oldstuff\/images\/Laptoptaschen\/Laptop4.jpg\" rel=\"lightbox[roadtrip]\"><img decoding=\"async\" src=\"http:\/\/intobags.de\/oldstuff\/images\/Laptoptaschen\/Laptop4-th.jpg\" alt=\"Laptoptasche\"><\/a><a title=\"Laptoptasche\" href=\"http:\/\/intobags.de\/oldstuff\/images\/Laptoptaschen\/Laptop3-dark.jpg\" rel=\"lightbox[roadtrip]\"><img decoding=\"async\" src=\"http:\/\/intobags.de\/oldstuff\/images\/Laptoptaschen\/Laptop3-dark-th.jpg\" alt=\"Laptoptasche\"><\/a><a title=\"Laptoptasche\" href=\"http:\/\/intobags.de\/oldstuff\/images\/Laptoptaschen\/Laptop4-black.jpg\" rel=\"lightbox[roadtrip]\"><img decoding=\"async\" src=\"http:\/\/intobags.de\/oldstuff\/images\/Laptoptaschen\/Laptop4-black-th.jpg\" alt=\"Laptoptasche\"><\/a><br \/>\n<a title=\"Laptoptasche\" href=\"http:\/\/intobags.de\/oldstuff\/images\/Laptoptaschen\/Laptop1-innen.jpg\" rel=\"lightbox[roadtrip]\"><br \/>\n<\/a><br \/>\n<a title=\"Laptoptasche\" href=\"http:\/\/intobags.de\/oldstuff\/images\/Laptoptaschen\/Laptop1-black-front.jpg\" rel=\"lightbox[roadtrip]\"><br \/>\n<\/a><br \/>\n<a title=\"Laptoptasche\" href=\"http:\/\/intobags.de\/oldstuff\/images\/Laptoptaschen\/Laptop1-black.jpg\" rel=\"lightbox[roadtrip]\"><br \/>\n<\/a><br \/>\n<a title=\"Laptoptasche\" href=\"http:\/\/intobags.de\/oldstuff\/images\/Laptoptaschen\/Laptop1-beige-front.jpg\" rel=\"lightbox[roadtrip]\"><br \/>\n<\/a><br \/>\n<a title=\"Laptoptasche\" href=\"http:\/\/intobags.de\/oldstuff\/images\/Laptoptaschen\/Laptop1-beige.jpg\" rel=\"lightbox[roadtrip]\"><br \/>\n<\/a><br \/>\n<a title=\"Laptoptasche\" href=\"http:\/\/intobags.de\/oldstuff\/images\/Laptoptaschen\/Laptop2.jpg\" rel=\"lightbox[roadtrip]\"><br \/>\n<\/a><br \/>\n<a title=\"Laptoptasche\" href=\"http:\/\/intobags.de\/oldstuff\/images\/Laptoptaschen\/Laptop2-innen.jpg\" rel=\"lightbox[roadtrip]\"><br \/>\n<\/a><br \/>\n<a title=\"Laptoptasche\" href=\"http:\/\/intobags.de\/oldstuff\/images\/Laptoptaschen\/Laptop3.jpg\" rel=\"lightbox[roadtrip]\"><br \/>\n<\/a><br \/>\n<a title=\"Laptoptasche\" href=\"http:\/\/intobags.de\/oldstuff\/images\/Laptoptaschen\/Laptop4.jpg\" rel=\"lightbox[roadtrip]\"><br \/>\n<\/a><br \/>\n<a title=\"Laptoptasche\" href=\"http:\/\/intobags.de\/oldstuff\/images\/Laptoptaschen\/Laptop3-dark.jpg\" rel=\"lightbox[roadtrip]\"><br \/>\n<\/a><br \/>\n<a title=\"Laptoptasche\" href=\"http:\/\/intobags.de\/oldstuff\/images\/Laptoptaschen\/Laptop4-black.jpg\" rel=\"lightbox[roadtrip]\"><br \/>\n<\/a><\/div>\n<p>Wir freuen uns \u00fcber Mails an:<\/p>\n<p><a title=\"E-Mail-Adresse\" href=\"mailto:info@uk-agentur.de\">info\u2202uk-agentur.de<\/a><\/p>\n","protected":false},"excerpt":{"rendered":"<p>Casual-Taschen Hier bei IntoBags finden Sie Casual-Taschen von etablierten Marken wie z. B. DANIEL RAY\u00ae. Viele Taschen in dieser Sparte k\u00f6nnen nat\u00fcrlich auch hervorragend als Notebook-Taschen verwendet werden. Sie haben zus\u00e4tzlich zu anderen Taschen \u00fcber einem Innenfach eine Schlaufe mit Klettverschluss. Das Material aller dieser Casual-Taschen ist weiches PU. Sehr angenehm im Handling, stabil, sehr [&hellip;]<\/p>\n","protected":false},"author":1,"featured_media":0,"parent":0,"menu_order":0,"comment_status":"open","ping_status":"open","template":"","meta":{"footnotes":""},"class_list":["post-8","page","type-page","status-publish","hentry"],"yoast_head":"<!-- This site is optimized with the Yoast SEO plugin v19.14 - https:\/\/yoast.com\/wordpress\/plugins\/seo\/ -->\n<title>CASUAL-TASCHEN - IntoBags<\/title>\n<meta name=\"robots\" content=\"index, follow, max-snippet:-1, max-image-preview:large, max-video-preview:-1\" \/>\n<link rel=\"canonical\" href=\"https:\/\/intobags.de\/?page_id=8\" \/>\n<meta property=\"og:locale\" content=\"de_DE\" \/>\n<meta property=\"og:type\" content=\"article\" \/>\n<meta property=\"og:title\" content=\"CASUAL-TASCHEN - IntoBags\" \/>\n<meta property=\"og:description\" content=\"Casual-Taschen Hier bei IntoBags finden Sie Casual-Taschen von etablierten Marken wie z. B. DANIEL RAY\u00ae. Viele Taschen in dieser Sparte k\u00f6nnen nat\u00fcrlich auch hervorragend als Notebook-Taschen verwendet werden. Sie haben zus\u00e4tzlich zu anderen Taschen \u00fcber einem Innenfach eine Schlaufe mit Klettverschluss. Das Material aller dieser Casual-Taschen ist weiches PU. Sehr angenehm im Handling, stabil, sehr [&hellip;]\" \/>\n<meta property=\"og:url\" content=\"https:\/\/intobags.de\/?page_id=8\" \/>\n<meta property=\"og:site_name\" content=\"IntoBags\" \/>\n<meta property=\"article:modified_time\" content=\"2021-05-19T01:26:23+00:00\" \/>\n<meta property=\"og:image\" content=\"http:\/\/intobags.de\/oldstuff\/images\/Laptoptaschen\/Laptop1-th.jpg\" \/>\n<meta name=\"twitter:card\" content=\"summary_large_image\" \/>\n<meta name=\"twitter:label1\" content=\"Gesch\u00e4tzte Lesezeit\" \/>\n\t<meta name=\"twitter:data1\" content=\"1\u00a0Minute\" \/>\n<script type=\"application\/ld+json\" class=\"yoast-schema-graph\">{\"@context\":\"https:\/\/schema.org\",\"@graph\":[{\"@type\":\"WebPage\",\"@id\":\"https:\/\/intobags.de\/?page_id=8\",\"url\":\"https:\/\/intobags.de\/?page_id=8\",\"name\":\"CASUAL-TASCHEN - IntoBags\",\"isPartOf\":{\"@id\":\"https:\/\/intobags.de\/#website\"},\"datePublished\":\"2014-09-11T17:43:39+00:00\",\"dateModified\":\"2021-05-19T01:26:23+00:00\",\"breadcrumb\":{\"@id\":\"https:\/\/intobags.de\/?page_id=8#breadcrumb\"},\"inLanguage\":\"de\",\"potentialAction\":[{\"@type\":\"ReadAction\",\"target\":[\"https:\/\/intobags.de\/?page_id=8\"]}]},{\"@type\":\"BreadcrumbList\",\"@id\":\"https:\/\/intobags.de\/?page_id=8#breadcrumb\",\"itemListElement\":[{\"@type\":\"ListItem\",\"position\":1,\"name\":\"Startseite\",\"item\":\"https:\/\/intobags.de\/\"},{\"@type\":\"ListItem\",\"position\":2,\"name\":\"CASUAL-TASCHEN\"}]},{\"@type\":\"WebSite\",\"@id\":\"https:\/\/intobags.de\/#website\",\"url\":\"https:\/\/intobags.de\/\",\"name\":\"IntoBags\",\"description\":\"Eine weitere WordPress-Seite\",\"potentialAction\":[{\"@type\":\"SearchAction\",\"target\":{\"@type\":\"EntryPoint\",\"urlTemplate\":\"https:\/\/intobags.de\/?s={search_term_string}\"},\"query-input\":\"required name=search_term_string\"}],\"inLanguage\":\"de\"}]}<\/script>\n<!-- \/ Yoast SEO plugin. -->","yoast_head_json":{"title":"CASUAL-TASCHEN - IntoBags","robots":{"index":"index","follow":"follow","max-snippet":"max-snippet:-1","max-image-preview":"max-image-preview:large","max-video-preview":"max-video-preview:-1"},"canonical":"https:\/\/intobags.de\/?page_id=8","og_locale":"de_DE","og_type":"article","og_title":"CASUAL-TASCHEN - IntoBags","og_description":"Casual-Taschen Hier bei IntoBags finden Sie Casual-Taschen von etablierten Marken wie z. B. DANIEL RAY\u00ae. Viele Taschen in dieser Sparte k\u00f6nnen nat\u00fcrlich auch hervorragend als Notebook-Taschen verwendet werden. Sie haben zus\u00e4tzlich zu anderen Taschen \u00fcber einem Innenfach eine Schlaufe mit Klettverschluss. Das Material aller dieser Casual-Taschen ist weiches PU. Sehr angenehm im Handling, stabil, sehr [&hellip;]","og_url":"https:\/\/intobags.de\/?page_id=8","og_site_name":"IntoBags","article_modified_time":"2021-05-19T01:26:23+00:00","og_image":[{"url":"http:\/\/intobags.de\/oldstuff\/images\/Laptoptaschen\/Laptop1-th.jpg"}],"twitter_card":"summary_large_image","twitter_misc":{"Gesch\u00e4tzte Lesezeit":"1\u00a0Minute"},"schema":{"@context":"https:\/\/schema.org","@graph":[{"@type":"WebPage","@id":"https:\/\/intobags.de\/?page_id=8","url":"https:\/\/intobags.de\/?page_id=8","name":"CASUAL-TASCHEN - IntoBags","isPartOf":{"@id":"https:\/\/intobags.de\/#website"},"datePublished":"2014-09-11T17:43:39+00:00","dateModified":"2021-05-19T01:26:23+00:00","breadcrumb":{"@id":"https:\/\/intobags.de\/?page_id=8#breadcrumb"},"inLanguage":"de","potentialAction":[{"@type":"ReadAction","target":["https:\/\/intobags.de\/?page_id=8"]}]},{"@type":"BreadcrumbList","@id":"https:\/\/intobags.de\/?page_id=8#breadcrumb","itemListElement":[{"@type":"ListItem","position":1,"name":"Startseite","item":"https:\/\/intobags.de\/"},{"@type":"ListItem","position":2,"name":"CASUAL-TASCHEN"}]},{"@type":"WebSite","@id":"https:\/\/intobags.de\/#website","url":"https:\/\/intobags.de\/","name":"IntoBags","description":"Eine weitere WordPress-Seite","potentialAction":[{"@type":"SearchAction","target":{"@type":"EntryPoint","urlTemplate":"https:\/\/intobags.de\/?s={search_term_string}"},"query-input":"required name=search_term_string"}],"inLanguage":"de"}]}},"_links":{"self":[{"href":"https:\/\/intobags.de\/index.php?rest_route=\/wp\/v2\/pages\/8","targetHints":{"allow":["GET"]}}],"collection":[{"href":"https:\/\/intobags.de\/index.php?rest_route=\/wp\/v2\/pages"}],"about":[{"href":"https:\/\/intobags.de\/index.php?rest_route=\/wp\/v2\/types\/page"}],"author":[{"embeddable":true,"href":"https:\/\/intobags.de\/index.php?rest_route=\/wp\/v2\/users\/1"}],"replies":[{"embeddable":true,"href":"https:\/\/intobags.de\/index.php?rest_route=%2Fwp%2Fv2%2Fcomments&post=8"}],"version-history":[{"count":13,"href":"https:\/\/intobags.de\/index.php?rest_route=\/wp\/v2\/pages\/8\/revisions"}],"predecessor-version":[{"id":233,"href":"https:\/\/intobags.de\/index.php?rest_route=\/wp\/v2\/pages\/8\/revisions\/233"}],"wp:attachment":[{"href":"https:\/\/intobags.de\/index.php?rest_route=%2Fwp%2Fv2%2Fmedia&parent=8"}],"curies":[{"name":"wp","href":"https:\/\/api.w.org\/{rel}","templated":true}]}}