{"id":22,"date":"2014-09-11T19:45:48","date_gmt":"2014-09-11T17:45:48","guid":{"rendered":"http:\/\/intobags.de\/?page_id=22"},"modified":"2021-05-19T13:21:20","modified_gmt":"2021-05-19T11:21:20","slug":"kontakt","status":"publish","type":"page","link":"https:\/\/intobags.de\/?page_id=22","title":{"rendered":"Kontakt"},"content":{"rendered":"\n<h1>Kontakt<\/h1>\n<h2>UHLE KOMMUNIKATION<\/h2>\n<p>Agentur f\u00fcr Kommunikation und Lifestyle<br>Siegburger Str. 115 &#8211; 119<br>50679 K\u00f6ln<\/p>\n<p>Telefon: +49 221 374 006<br>Telefax: +49 221 374 000<\/p>\n<p>E-Mail: <a title=\"E-Mail-Adresse\" href=\"mailto:info@uk-agentur.de\">info\u2202uk-agentur.de<\/a><br>Internet: www.uk-agentur.de<\/p>\n<p><iframe height=\"450\" style=\"border:0\" loading=\"lazy\" allowfullscreen src=\"https:\/\/www.google.com\/maps\/embed\/v1\/place?q=place_id:ChIJ50HiV8olv0cRC_i7MnXwrFE&#038;key=AIzaSyC6HlU0ps_M0l6QyAdOg0EAulibJOkFha8\"><\/iframe><\/p><a href=\"http:\/\/maps.google.de\/maps?oe=utf-8&amp;client=firefox-a&amp;q=Siegburger+Str.+115+-+119+50679+K%C3%B6ln&amp;ie=UTF8&amp;hq=&amp;hnear=Siegburger+Stra%C3%9Fe+115,+Deutz+50679+K%C3%B6ln,+Nordrhein-Westfalen&amp;gl=de&amp;t=m&amp;ll=50.937175,6.975031&amp;spn=0.018931,0.036478&amp;z=14&amp;iwloc=A&amp;source=embed\">Gr\u00f6\u00dfere Kartenansicht<\/a><\/p>\n<p>Wir freuen uns \u00fcber Mails oder Anrufe an:<\/p>\n<p><a title=\"E-Mail-Adresse\" href=\"mailto:info@uk-agentur.de\">info\u2202uk-agentur.de<\/a><\/p>\n<p>Tel.: +49 221 374006<\/p>\n","protected":false},"excerpt":{"rendered":"<p>Kontakt UHLE KOMMUNIKATION Agentur f\u00fcr Kommunikation und LifestyleSiegburger Str. 115 &#8211; 11950679 K\u00f6ln Telefon: +49 221 374 006Telefax: +49 221 374 000 E-Mail: info\u2202uk-agentur.deInternet: www.uk-agentur.de Gr\u00f6\u00dfere Kartenansicht Wir freuen uns \u00fcber Mails oder Anrufe an: info\u2202uk-agentur.de Tel.: +49 221 374006<\/p>\n","protected":false},"author":1,"featured_media":0,"parent":0,"menu_order":0,"comment_status":"open","ping_status":"open","template":"","meta":{"footnotes":""},"class_list":["post-22","page","type-page","status-publish","hentry"],"yoast_head":"<!-- This site is optimized with the Yoast SEO plugin v19.14 - https:\/\/yoast.com\/wordpress\/plugins\/seo\/ -->\n<title>Kontakt - IntoBags<\/title>\n<meta name=\"robots\" content=\"index, follow, max-snippet:-1, max-image-preview:large, max-video-preview:-1\" \/>\n<link rel=\"canonical\" href=\"https:\/\/intobags.de\/?page_id=22\" \/>\n<meta property=\"og:locale\" content=\"de_DE\" \/>\n<meta property=\"og:type\" content=\"article\" \/>\n<meta property=\"og:title\" content=\"Kontakt - IntoBags\" \/>\n<meta property=\"og:description\" content=\"Kontakt UHLE KOMMUNIKATION Agentur f\u00fcr Kommunikation und LifestyleSiegburger Str. 115 &#8211; 11950679 K\u00f6ln Telefon: +49 221 374 006Telefax: +49 221 374 000 E-Mail: info\u2202uk-agentur.deInternet: www.uk-agentur.de Gr\u00f6\u00dfere Kartenansicht Wir freuen uns \u00fcber Mails oder Anrufe an: info\u2202uk-agentur.de Tel.: +49 221 374006\" \/>\n<meta property=\"og:url\" content=\"https:\/\/intobags.de\/?page_id=22\" \/>\n<meta property=\"og:site_name\" content=\"IntoBags\" \/>\n<meta property=\"article:modified_time\" content=\"2021-05-19T11:21:20+00:00\" \/>\n<meta name=\"twitter:card\" content=\"summary_large_image\" \/>\n<script type=\"application\/ld+json\" class=\"yoast-schema-graph\">{\"@context\":\"https:\/\/schema.org\",\"@graph\":[{\"@type\":\"WebPage\",\"@id\":\"https:\/\/intobags.de\/?page_id=22\",\"url\":\"https:\/\/intobags.de\/?page_id=22\",\"name\":\"Kontakt - IntoBags\",\"isPartOf\":{\"@id\":\"https:\/\/intobags.de\/#website\"},\"datePublished\":\"2014-09-11T17:45:48+00:00\",\"dateModified\":\"2021-05-19T11:21:20+00:00\",\"breadcrumb\":{\"@id\":\"https:\/\/intobags.de\/?page_id=22#breadcrumb\"},\"inLanguage\":\"de\",\"potentialAction\":[{\"@type\":\"ReadAction\",\"target\":[\"https:\/\/intobags.de\/?page_id=22\"]}]},{\"@type\":\"BreadcrumbList\",\"@id\":\"https:\/\/intobags.de\/?page_id=22#breadcrumb\",\"itemListElement\":[{\"@type\":\"ListItem\",\"position\":1,\"name\":\"Startseite\",\"item\":\"https:\/\/intobags.de\/\"},{\"@type\":\"ListItem\",\"position\":2,\"name\":\"Kontakt\"}]},{\"@type\":\"WebSite\",\"@id\":\"https:\/\/intobags.de\/#website\",\"url\":\"https:\/\/intobags.de\/\",\"name\":\"IntoBags\",\"description\":\"Eine weitere WordPress-Seite\",\"potentialAction\":[{\"@type\":\"SearchAction\",\"target\":{\"@type\":\"EntryPoint\",\"urlTemplate\":\"https:\/\/intobags.de\/?s={search_term_string}\"},\"query-input\":\"required name=search_term_string\"}],\"inLanguage\":\"de\"}]}<\/script>\n<!-- \/ Yoast SEO plugin. -->","yoast_head_json":{"title":"Kontakt - IntoBags","robots":{"index":"index","follow":"follow","max-snippet":"max-snippet:-1","max-image-preview":"max-image-preview:large","max-video-preview":"max-video-preview:-1"},"canonical":"https:\/\/intobags.de\/?page_id=22","og_locale":"de_DE","og_type":"article","og_title":"Kontakt - IntoBags","og_description":"Kontakt UHLE KOMMUNIKATION Agentur f\u00fcr Kommunikation und LifestyleSiegburger Str. 115 &#8211; 11950679 K\u00f6ln Telefon: +49 221 374 006Telefax: +49 221 374 000 E-Mail: info\u2202uk-agentur.deInternet: www.uk-agentur.de Gr\u00f6\u00dfere Kartenansicht Wir freuen uns \u00fcber Mails oder Anrufe an: info\u2202uk-agentur.de Tel.: +49 221 374006","og_url":"https:\/\/intobags.de\/?page_id=22","og_site_name":"IntoBags","article_modified_time":"2021-05-19T11:21:20+00:00","twitter_card":"summary_large_image","schema":{"@context":"https:\/\/schema.org","@graph":[{"@type":"WebPage","@id":"https:\/\/intobags.de\/?page_id=22","url":"https:\/\/intobags.de\/?page_id=22","name":"Kontakt - IntoBags","isPartOf":{"@id":"https:\/\/intobags.de\/#website"},"datePublished":"2014-09-11T17:45:48+00:00","dateModified":"2021-05-19T11:21:20+00:00","breadcrumb":{"@id":"https:\/\/intobags.de\/?page_id=22#breadcrumb"},"inLanguage":"de","potentialAction":[{"@type":"ReadAction","target":["https:\/\/intobags.de\/?page_id=22"]}]},{"@type":"BreadcrumbList","@id":"https:\/\/intobags.de\/?page_id=22#breadcrumb","itemListElement":[{"@type":"ListItem","position":1,"name":"Startseite","item":"https:\/\/intobags.de\/"},{"@type":"ListItem","position":2,"name":"Kontakt"}]},{"@type":"WebSite","@id":"https:\/\/intobags.de\/#website","url":"https:\/\/intobags.de\/","name":"IntoBags","description":"Eine weitere WordPress-Seite","potentialAction":[{"@type":"SearchAction","target":{"@type":"EntryPoint","urlTemplate":"https:\/\/intobags.de\/?s={search_term_string}"},"query-input":"required name=search_term_string"}],"inLanguage":"de"}]}},"_links":{"self":[{"href":"https:\/\/intobags.de\/index.php?rest_route=\/wp\/v2\/pages\/22","targetHints":{"allow":["GET"]}}],"collection":[{"href":"https:\/\/intobags.de\/index.php?rest_route=\/wp\/v2\/pages"}],"about":[{"href":"https:\/\/intobags.de\/index.php?rest_route=\/wp\/v2\/types\/page"}],"author":[{"embeddable":true,"href":"https:\/\/intobags.de\/index.php?rest_route=\/wp\/v2\/users\/1"}],"replies":[{"embeddable":true,"href":"https:\/\/intobags.de\/index.php?rest_route=%2Fwp%2Fv2%2Fcomments&post=22"}],"version-history":[{"count":5,"href":"https:\/\/intobags.de\/index.php?rest_route=\/wp\/v2\/pages\/22\/revisions"}],"predecessor-version":[{"id":239,"href":"https:\/\/intobags.de\/index.php?rest_route=\/wp\/v2\/pages\/22\/revisions\/239"}],"wp:attachment":[{"href":"https:\/\/intobags.de\/index.php?rest_route=%2Fwp%2Fv2%2Fmedia&parent=22"}],"curies":[{"name":"wp","href":"https:\/\/api.w.org\/{rel}","templated":true}]}}