{"id":20,"date":"2014-09-11T19:45:31","date_gmt":"2014-09-11T17:45:31","guid":{"rendered":"http:\/\/intobags.de\/?page_id=20"},"modified":"2023-01-11T15:24:22","modified_gmt":"2023-01-11T13:24:22","slug":"impressum","status":"publish","type":"page","link":"https:\/\/intobags.de\/?page_id=20","title":{"rendered":"Impressum"},"content":{"rendered":"<h1>Impressum<\/h1>\n<p>UHLE KOMMUNIKATION<\/p>\n<p><a title=\"E-Mail-Adresse\" href=\"mailto:info@uk-agentur.de\">info\u2202uk-agentur.de<\/a><\/p>\n<h4>UHLE KOMMUNIKATION<br \/>\nAgentur f\u00fcr Kommunikation und Lifestyle<br \/>\nSiegburger Str. 115 &#8211; 119<br \/>\n50679 K\u00f6ln<br \/>\nTelefon: +49 221 374006<br \/>\nTelefax: +49 221 374000<br \/>\nE-Mail: <a title=\"E-Mail-Adresse\" href=\"mailto:info@uk-agentur.de\">info\u2202uk-agentur.de<\/a><br \/>\nInternet: <a title=\"Internet Adresse\" href=\"http:\/\/uhlekommunikation.de\/\">uhlekommunikation.de<\/a><\/h4>\n<h4>Umsatzsteuer-Identifikationsnummer gem\u00e4\u00df \u00a7 27 a Umsatzsteuergesetz: DE 158615460<br \/>\nInhaltlich Verantwortlicher gem\u00e4\u00df \u00a7 10 Absatz 3 MDStV:<br \/>\nWolfgang Uhle, Salmstra\u00dfe 32, 51105 K\u00f6ln<br \/>\nWebdesign: UHLE KOMMUNIKATION<br \/>\nBildnachweis: Wolfgang Uhle UK , Fotolia.com<\/h4>\n<p>Unsere Datenschutzerkl\u00e4rung finden Sie <a href=\"https:\/\/intobags.de\/?page_id=228\">hier<\/a>.<\/p>\n<h4>Haftungshinweis: Trotz sorgf\u00e4ltiger inhaltlicher Kontrolle \u00fcbernehmen wir keine Haftung f\u00fcr die Inhalte externer Links. F\u00fcr den Inhalt der verlinkten Seiten sind ausschlie\u00dflich deren Betreiber verantwortlich.<\/h4>\n","protected":false},"excerpt":{"rendered":"<p>Impressum UHLE KOMMUNIKATION info\u2202uk-agentur.de UHLE KOMMUNIKATION Agentur f\u00fcr Kommunikation und Lifestyle Siegburger Str. 115 &#8211; 119 50679 K\u00f6ln Telefon: +49 221 374006 Telefax: +49 221 374000 E-Mail: info\u2202uk-agentur.de Internet: uhlekommunikation.de Umsatzsteuer-Identifikationsnummer gem\u00e4\u00df \u00a7 27 a Umsatzsteuergesetz: DE 158615460 Inhaltlich Verantwortlicher gem\u00e4\u00df \u00a7 10 Absatz 3 MDStV: Wolfgang Uhle, Salmstra\u00dfe 32, 51105 K\u00f6ln Webdesign: UHLE KOMMUNIKATION [&hellip;]<\/p>\n","protected":false},"author":1,"featured_media":0,"parent":0,"menu_order":0,"comment_status":"open","ping_status":"open","template":"","meta":{"footnotes":""},"class_list":["post-20","page","type-page","status-publish","hentry"],"yoast_head":"<!-- This site is optimized with the Yoast SEO plugin v19.14 - https:\/\/yoast.com\/wordpress\/plugins\/seo\/ -->\n<title>Impressum - IntoBags<\/title>\n<meta name=\"robots\" content=\"noindex, nofollow\" \/>\n<meta property=\"og:locale\" content=\"de_DE\" \/>\n<meta property=\"og:type\" content=\"article\" \/>\n<meta property=\"og:title\" content=\"Impressum - IntoBags\" \/>\n<meta property=\"og:description\" content=\"Impressum UHLE KOMMUNIKATION info\u2202uk-agentur.de UHLE KOMMUNIKATION Agentur f\u00fcr Kommunikation und Lifestyle Siegburger Str. 115 &#8211; 119 50679 K\u00f6ln Telefon: +49 221 374006 Telefax: +49 221 374000 E-Mail: info\u2202uk-agentur.de Internet: uhlekommunikation.de Umsatzsteuer-Identifikationsnummer gem\u00e4\u00df \u00a7 27 a Umsatzsteuergesetz: DE 158615460 Inhaltlich Verantwortlicher gem\u00e4\u00df \u00a7 10 Absatz 3 MDStV: Wolfgang Uhle, Salmstra\u00dfe 32, 51105 K\u00f6ln Webdesign: UHLE KOMMUNIKATION [&hellip;]\" \/>\n<meta property=\"og:url\" content=\"https:\/\/intobags.de\/?page_id=20\" \/>\n<meta property=\"og:site_name\" content=\"IntoBags\" \/>\n<meta property=\"article:modified_time\" content=\"2023-01-11T13:24:22+00:00\" \/>\n<meta name=\"twitter:card\" content=\"summary_large_image\" \/>\n<meta name=\"twitter:label1\" content=\"Gesch\u00e4tzte Lesezeit\" \/>\n\t<meta name=\"twitter:data1\" content=\"1\u00a0Minute\" \/>\n<script type=\"application\/ld+json\" class=\"yoast-schema-graph\">{\"@context\":\"https:\/\/schema.org\",\"@graph\":[{\"@type\":\"WebPage\",\"@id\":\"https:\/\/intobags.de\/?page_id=20\",\"url\":\"https:\/\/intobags.de\/?page_id=20\",\"name\":\"Impressum - IntoBags\",\"isPartOf\":{\"@id\":\"https:\/\/intobags.de\/#website\"},\"datePublished\":\"2014-09-11T17:45:31+00:00\",\"dateModified\":\"2023-01-11T13:24:22+00:00\",\"breadcrumb\":{\"@id\":\"https:\/\/intobags.de\/?page_id=20#breadcrumb\"},\"inLanguage\":\"de\",\"potentialAction\":[{\"@type\":\"ReadAction\",\"target\":[\"https:\/\/intobags.de\/?page_id=20\"]}]},{\"@type\":\"BreadcrumbList\",\"@id\":\"https:\/\/intobags.de\/?page_id=20#breadcrumb\",\"itemListElement\":[{\"@type\":\"ListItem\",\"position\":1,\"name\":\"Startseite\",\"item\":\"https:\/\/intobags.de\/\"},{\"@type\":\"ListItem\",\"position\":2,\"name\":\"Impressum\"}]},{\"@type\":\"WebSite\",\"@id\":\"https:\/\/intobags.de\/#website\",\"url\":\"https:\/\/intobags.de\/\",\"name\":\"IntoBags\",\"description\":\"Eine weitere WordPress-Seite\",\"potentialAction\":[{\"@type\":\"SearchAction\",\"target\":{\"@type\":\"EntryPoint\",\"urlTemplate\":\"https:\/\/intobags.de\/?s={search_term_string}\"},\"query-input\":\"required name=search_term_string\"}],\"inLanguage\":\"de\"}]}<\/script>\n<!-- \/ Yoast SEO plugin. -->","yoast_head_json":{"title":"Impressum - IntoBags","robots":{"index":"noindex","follow":"nofollow"},"og_locale":"de_DE","og_type":"article","og_title":"Impressum - IntoBags","og_description":"Impressum UHLE KOMMUNIKATION info\u2202uk-agentur.de UHLE KOMMUNIKATION Agentur f\u00fcr Kommunikation und Lifestyle Siegburger Str. 115 &#8211; 119 50679 K\u00f6ln Telefon: +49 221 374006 Telefax: +49 221 374000 E-Mail: info\u2202uk-agentur.de Internet: uhlekommunikation.de Umsatzsteuer-Identifikationsnummer gem\u00e4\u00df \u00a7 27 a Umsatzsteuergesetz: DE 158615460 Inhaltlich Verantwortlicher gem\u00e4\u00df \u00a7 10 Absatz 3 MDStV: Wolfgang Uhle, Salmstra\u00dfe 32, 51105 K\u00f6ln Webdesign: UHLE KOMMUNIKATION [&hellip;]","og_url":"https:\/\/intobags.de\/?page_id=20","og_site_name":"IntoBags","article_modified_time":"2023-01-11T13:24:22+00:00","twitter_card":"summary_large_image","twitter_misc":{"Gesch\u00e4tzte Lesezeit":"1\u00a0Minute"},"schema":{"@context":"https:\/\/schema.org","@graph":[{"@type":"WebPage","@id":"https:\/\/intobags.de\/?page_id=20","url":"https:\/\/intobags.de\/?page_id=20","name":"Impressum - IntoBags","isPartOf":{"@id":"https:\/\/intobags.de\/#website"},"datePublished":"2014-09-11T17:45:31+00:00","dateModified":"2023-01-11T13:24:22+00:00","breadcrumb":{"@id":"https:\/\/intobags.de\/?page_id=20#breadcrumb"},"inLanguage":"de","potentialAction":[{"@type":"ReadAction","target":["https:\/\/intobags.de\/?page_id=20"]}]},{"@type":"BreadcrumbList","@id":"https:\/\/intobags.de\/?page_id=20#breadcrumb","itemListElement":[{"@type":"ListItem","position":1,"name":"Startseite","item":"https:\/\/intobags.de\/"},{"@type":"ListItem","position":2,"name":"Impressum"}]},{"@type":"WebSite","@id":"https:\/\/intobags.de\/#website","url":"https:\/\/intobags.de\/","name":"IntoBags","description":"Eine weitere WordPress-Seite","potentialAction":[{"@type":"SearchAction","target":{"@type":"EntryPoint","urlTemplate":"https:\/\/intobags.de\/?s={search_term_string}"},"query-input":"required name=search_term_string"}],"inLanguage":"de"}]}},"_links":{"self":[{"href":"https:\/\/intobags.de\/index.php?rest_route=\/wp\/v2\/pages\/20","targetHints":{"allow":["GET"]}}],"collection":[{"href":"https:\/\/intobags.de\/index.php?rest_route=\/wp\/v2\/pages"}],"about":[{"href":"https:\/\/intobags.de\/index.php?rest_route=\/wp\/v2\/types\/page"}],"author":[{"embeddable":true,"href":"https:\/\/intobags.de\/index.php?rest_route=\/wp\/v2\/users\/1"}],"replies":[{"embeddable":true,"href":"https:\/\/intobags.de\/index.php?rest_route=%2Fwp%2Fv2%2Fcomments&post=20"}],"version-history":[{"count":3,"href":"https:\/\/intobags.de\/index.php?rest_route=\/wp\/v2\/pages\/20\/revisions"}],"predecessor-version":[{"id":243,"href":"https:\/\/intobags.de\/index.php?rest_route=\/wp\/v2\/pages\/20\/revisions\/243"}],"wp:attachment":[{"href":"https:\/\/intobags.de\/index.php?rest_route=%2Fwp%2Fv2%2Fmedia&parent=20"}],"curies":[{"name":"wp","href":"https:\/\/api.w.org\/{rel}","templated":true}]}}