{"id":198,"date":"2017-12-02T03:55:58","date_gmt":"2017-12-02T01:55:58","guid":{"rendered":"http:\/\/intobags.de\/?page_id=198"},"modified":"2019-02-27T19:16:52","modified_gmt":"2019-02-27T17:16:52","slug":"ice-bags","status":"publish","type":"page","link":"https:\/\/intobags.de\/?page_id=198","title":{"rendered":"ICE BAGS"},"content":{"rendered":"<p><a href=\"http:\/\/intobags.de\/wp-content\/uploads\/2017\/12\/IMG_1596a.jpg\"><img loading=\"lazy\" decoding=\"async\" class=\"alignnone size-medium wp-image-203\" src=\"http:\/\/intobags.de\/wp-content\/uploads\/2017\/12\/IMG_1596a-225x300.jpg\" alt=\"IMG_1596a\" width=\"225\" height=\"300\" srcset=\"https:\/\/intobags.de\/wp-content\/uploads\/2017\/12\/IMG_1596a-225x300.jpg 225w, https:\/\/intobags.de\/wp-content\/uploads\/2017\/12\/IMG_1596a-768x1024.jpg 768w\" sizes=\"auto, (max-width: 225px) 100vw, 225px\" \/><\/a><\/p>\n<h1><\/h1>\n<h1>ICE BAGS<\/h1>\n<p>Die stylishen ICE BAGS k\u00f6nnen immer und \u00fcberall eingesetzt werden. Gro\u00dfartige Muster pr\u00e4gen die ebenso farblich \u00e4sthetischen wie auch formsch\u00f6nen Taschen. Sie sind \u00fcberdies praktisch und sehr gut verarbeitet. Echte Hingucker und auch angenehm als Schultertasche einsetzbar. Innen sind sie komfortabel mit einem Karabinerhaken f\u00fcr einen Schl\u00fcsselbund ausgestattet. Sie eignen sich zum Shoppen, am Strand, einfach so und als schicke Aufbewahrungsobjekte in der Wohnung. Wir haben f\u00fcr Sie eine Auswahl der, wie wir finden, attraktivsten ICE BAGS getroffen. Schauen Sie gerne bei uns im Ladenlokal vorbei. Die Preise liegen je nach Gr\u00f6\u00dfe zwischen 21 und 32 EURO. &#8211; Kein Versand. &#8211;<\/p>\n<p>&nbsp;<\/p>\n<p><a href=\"http:\/\/intobags.de\/wp-content\/uploads\/2017\/12\/IMG_1587a.jpg\"><img loading=\"lazy\" decoding=\"async\" class=\"size-medium wp-image-204 alignleft\" src=\"http:\/\/intobags.de\/wp-content\/uploads\/2017\/12\/IMG_1587a-243x300.jpg\" alt=\"IMG_1587a\" width=\"243\" height=\"300\" srcset=\"https:\/\/intobags.de\/wp-content\/uploads\/2017\/12\/IMG_1587a-243x300.jpg 243w, https:\/\/intobags.de\/wp-content\/uploads\/2017\/12\/IMG_1587a-829x1024.jpg 829w\" sizes=\"auto, (max-width: 243px) 100vw, 243px\" \/><\/a><a href=\"http:\/\/intobags.de\/wp-content\/uploads\/2017\/12\/IMG_1597a.jpg\"><img loading=\"lazy\" decoding=\"async\" class=\"alignnone size-medium wp-image-200\" src=\"http:\/\/intobags.de\/wp-content\/uploads\/2017\/12\/IMG_1597a-300x200.jpg\" alt=\"IMG_1597a\" width=\"300\" height=\"200\" srcset=\"https:\/\/intobags.de\/wp-content\/uploads\/2017\/12\/IMG_1597a-300x200.jpg 300w, https:\/\/intobags.de\/wp-content\/uploads\/2017\/12\/IMG_1597a-1024x682.jpg 1024w\" sizes=\"auto, (max-width: 300px) 100vw, 300px\" \/><\/a><a href=\"http:\/\/intobags.de\/wp-content\/uploads\/2017\/12\/IMG_1598a.jpg\"><img loading=\"lazy\" decoding=\"async\" class=\"alignnone size-medium wp-image-201\" src=\"http:\/\/intobags.de\/wp-content\/uploads\/2017\/12\/IMG_1598a-260x300.jpg\" alt=\"IMG_1598a\" width=\"260\" height=\"300\" srcset=\"https:\/\/intobags.de\/wp-content\/uploads\/2017\/12\/IMG_1598a-260x300.jpg 260w, https:\/\/intobags.de\/wp-content\/uploads\/2017\/12\/IMG_1598a-889x1024.jpg 889w\" sizes=\"auto, (max-width: 260px) 100vw, 260px\" \/><\/a><\/p>\n","protected":false},"excerpt":{"rendered":"<p>ICE BAGS Die stylishen ICE BAGS k\u00f6nnen immer und \u00fcberall eingesetzt werden. Gro\u00dfartige Muster pr\u00e4gen die ebenso farblich \u00e4sthetischen wie auch formsch\u00f6nen Taschen. Sie sind \u00fcberdies praktisch und sehr gut verarbeitet. Echte Hingucker und auch angenehm als Schultertasche einsetzbar. Innen sind sie komfortabel mit einem Karabinerhaken f\u00fcr einen Schl\u00fcsselbund ausgestattet. Sie eignen sich zum Shoppen, [&hellip;]<\/p>\n","protected":false},"author":2,"featured_media":0,"parent":0,"menu_order":2,"comment_status":"open","ping_status":"open","template":"","meta":{"footnotes":""},"class_list":["post-198","page","type-page","status-publish","hentry"],"yoast_head":"<!-- This site is optimized with the Yoast SEO plugin v19.14 - https:\/\/yoast.com\/wordpress\/plugins\/seo\/ -->\n<title>ICE BAGS - IntoBags<\/title>\n<meta name=\"robots\" content=\"index, follow, max-snippet:-1, max-image-preview:large, max-video-preview:-1\" \/>\n<link rel=\"canonical\" href=\"https:\/\/intobags.de\/?page_id=198\" \/>\n<meta property=\"og:locale\" content=\"de_DE\" \/>\n<meta property=\"og:type\" content=\"article\" \/>\n<meta property=\"og:title\" content=\"ICE BAGS - IntoBags\" \/>\n<meta property=\"og:description\" content=\"ICE BAGS Die stylishen ICE BAGS k\u00f6nnen immer und \u00fcberall eingesetzt werden. Gro\u00dfartige Muster pr\u00e4gen die ebenso farblich \u00e4sthetischen wie auch formsch\u00f6nen Taschen. Sie sind \u00fcberdies praktisch und sehr gut verarbeitet. Echte Hingucker und auch angenehm als Schultertasche einsetzbar. Innen sind sie komfortabel mit einem Karabinerhaken f\u00fcr einen Schl\u00fcsselbund ausgestattet. Sie eignen sich zum Shoppen, [&hellip;]\" \/>\n<meta property=\"og:url\" content=\"https:\/\/intobags.de\/?page_id=198\" \/>\n<meta property=\"og:site_name\" content=\"IntoBags\" \/>\n<meta property=\"article:modified_time\" content=\"2019-02-27T17:16:52+00:00\" \/>\n<meta property=\"og:image\" content=\"http:\/\/intobags.de\/wp-content\/uploads\/2017\/12\/IMG_1596a-225x300.jpg\" \/>\n<meta name=\"twitter:card\" content=\"summary_large_image\" \/>\n<meta name=\"twitter:label1\" content=\"Gesch\u00e4tzte Lesezeit\" \/>\n\t<meta name=\"twitter:data1\" content=\"1\u00a0Minute\" \/>\n<script type=\"application\/ld+json\" class=\"yoast-schema-graph\">{\"@context\":\"https:\/\/schema.org\",\"@graph\":[{\"@type\":\"WebPage\",\"@id\":\"https:\/\/intobags.de\/?page_id=198\",\"url\":\"https:\/\/intobags.de\/?page_id=198\",\"name\":\"ICE BAGS - IntoBags\",\"isPartOf\":{\"@id\":\"https:\/\/intobags.de\/#website\"},\"datePublished\":\"2017-12-02T01:55:58+00:00\",\"dateModified\":\"2019-02-27T17:16:52+00:00\",\"breadcrumb\":{\"@id\":\"https:\/\/intobags.de\/?page_id=198#breadcrumb\"},\"inLanguage\":\"de\",\"potentialAction\":[{\"@type\":\"ReadAction\",\"target\":[\"https:\/\/intobags.de\/?page_id=198\"]}]},{\"@type\":\"BreadcrumbList\",\"@id\":\"https:\/\/intobags.de\/?page_id=198#breadcrumb\",\"itemListElement\":[{\"@type\":\"ListItem\",\"position\":1,\"name\":\"Startseite\",\"item\":\"https:\/\/intobags.de\/\"},{\"@type\":\"ListItem\",\"position\":2,\"name\":\"ICE BAGS\"}]},{\"@type\":\"WebSite\",\"@id\":\"https:\/\/intobags.de\/#website\",\"url\":\"https:\/\/intobags.de\/\",\"name\":\"IntoBags\",\"description\":\"Eine weitere WordPress-Seite\",\"potentialAction\":[{\"@type\":\"SearchAction\",\"target\":{\"@type\":\"EntryPoint\",\"urlTemplate\":\"https:\/\/intobags.de\/?s={search_term_string}\"},\"query-input\":\"required name=search_term_string\"}],\"inLanguage\":\"de\"}]}<\/script>\n<!-- \/ Yoast SEO plugin. -->","yoast_head_json":{"title":"ICE BAGS - IntoBags","robots":{"index":"index","follow":"follow","max-snippet":"max-snippet:-1","max-image-preview":"max-image-preview:large","max-video-preview":"max-video-preview:-1"},"canonical":"https:\/\/intobags.de\/?page_id=198","og_locale":"de_DE","og_type":"article","og_title":"ICE BAGS - IntoBags","og_description":"ICE BAGS Die stylishen ICE BAGS k\u00f6nnen immer und \u00fcberall eingesetzt werden. Gro\u00dfartige Muster pr\u00e4gen die ebenso farblich \u00e4sthetischen wie auch formsch\u00f6nen Taschen. Sie sind \u00fcberdies praktisch und sehr gut verarbeitet. Echte Hingucker und auch angenehm als Schultertasche einsetzbar. Innen sind sie komfortabel mit einem Karabinerhaken f\u00fcr einen Schl\u00fcsselbund ausgestattet. Sie eignen sich zum Shoppen, [&hellip;]","og_url":"https:\/\/intobags.de\/?page_id=198","og_site_name":"IntoBags","article_modified_time":"2019-02-27T17:16:52+00:00","og_image":[{"url":"http:\/\/intobags.de\/wp-content\/uploads\/2017\/12\/IMG_1596a-225x300.jpg"}],"twitter_card":"summary_large_image","twitter_misc":{"Gesch\u00e4tzte Lesezeit":"1\u00a0Minute"},"schema":{"@context":"https:\/\/schema.org","@graph":[{"@type":"WebPage","@id":"https:\/\/intobags.de\/?page_id=198","url":"https:\/\/intobags.de\/?page_id=198","name":"ICE BAGS - IntoBags","isPartOf":{"@id":"https:\/\/intobags.de\/#website"},"datePublished":"2017-12-02T01:55:58+00:00","dateModified":"2019-02-27T17:16:52+00:00","breadcrumb":{"@id":"https:\/\/intobags.de\/?page_id=198#breadcrumb"},"inLanguage":"de","potentialAction":[{"@type":"ReadAction","target":["https:\/\/intobags.de\/?page_id=198"]}]},{"@type":"BreadcrumbList","@id":"https:\/\/intobags.de\/?page_id=198#breadcrumb","itemListElement":[{"@type":"ListItem","position":1,"name":"Startseite","item":"https:\/\/intobags.de\/"},{"@type":"ListItem","position":2,"name":"ICE BAGS"}]},{"@type":"WebSite","@id":"https:\/\/intobags.de\/#website","url":"https:\/\/intobags.de\/","name":"IntoBags","description":"Eine weitere WordPress-Seite","potentialAction":[{"@type":"SearchAction","target":{"@type":"EntryPoint","urlTemplate":"https:\/\/intobags.de\/?s={search_term_string}"},"query-input":"required name=search_term_string"}],"inLanguage":"de"}]}},"_links":{"self":[{"href":"https:\/\/intobags.de\/index.php?rest_route=\/wp\/v2\/pages\/198","targetHints":{"allow":["GET"]}}],"collection":[{"href":"https:\/\/intobags.de\/index.php?rest_route=\/wp\/v2\/pages"}],"about":[{"href":"https:\/\/intobags.de\/index.php?rest_route=\/wp\/v2\/types\/page"}],"author":[{"embeddable":true,"href":"https:\/\/intobags.de\/index.php?rest_route=\/wp\/v2\/users\/2"}],"replies":[{"embeddable":true,"href":"https:\/\/intobags.de\/index.php?rest_route=%2Fwp%2Fv2%2Fcomments&post=198"}],"version-history":[{"count":9,"href":"https:\/\/intobags.de\/index.php?rest_route=\/wp\/v2\/pages\/198\/revisions"}],"predecessor-version":[{"id":222,"href":"https:\/\/intobags.de\/index.php?rest_route=\/wp\/v2\/pages\/198\/revisions\/222"}],"wp:attachment":[{"href":"https:\/\/intobags.de\/index.php?rest_route=%2Fwp%2Fv2%2Fmedia&parent=198"}],"curies":[{"name":"wp","href":"https:\/\/api.w.org\/{rel}","templated":true}]}}