{"id":18,"date":"2014-09-11T19:45:16","date_gmt":"2014-09-11T17:45:16","guid":{"rendered":"http:\/\/intobags.de\/?page_id=18"},"modified":"2018-07-13T00:37:57","modified_gmt":"2018-07-12T22:37:57","slug":"home","status":"publish","type":"page","link":"https:\/\/intobags.de\/","title":{"rendered":"Home"},"content":{"rendered":"<h1>Die INTOBAG \u2013 Taschen f\u00fcr Lifestyler<\/h1>\n<p>Taschen gibt es inzwischen f\u00fcr \u2013 fast \u2013 jeden Zweck. Wir von UHLE KOMMUNIKATION mit Sitz in K\u00f6ln vertreiben unter dem Label INTOBAG ausschlie\u00dflich Taschen, die ein besonderes, oft sogar einzigartiges Design haben, sehr gute Funktionalit\u00e4t und ausgezeichnete Verarbeitung. Eben IntoBags.<\/p>\n<p>Besonders ist auch, dass wir daf\u00fcr zus\u00e4tzlich auf Marktforschung gesetzt haben. Wir von UHLE KOMMUNIKATION haben in allen F\u00e4llen nicht nur geschaut, was wir und unser Umfeld f\u00fcr interessante Taschen-Produkte am Markt halten, sondern Tester eines Marktforschung-Institutes haben umfangreiche Recherchen am Point of Sale, auf den Flaniermeilen etc. durchgef\u00fchrt und ausgewertet.<\/p>\n<p>Und so ergab sich und w\u00e4chst seit 2014 ein wachsendes Sortiment unseres INTOBAG-Sortimentes. Sie werden gerne als stylishe und zugleich funktionale Eyecatcher bei Meetings, in Seminaren, beim Shoppen, Flanieren etc. genutzt.<\/p>\n<p>Doch schauen Sie selbst.<\/p>\n<p>Wir freuen uns \u00fcber Mails an:<\/p>\n<p><a title=\"E-Mail-Adresse\" href=\"mailto:info@uk-agentur.de\">info\u2202uk-agentur.de<\/a><\/p>\n","protected":false},"excerpt":{"rendered":"<p>Die INTOBAG \u2013 Taschen f\u00fcr Lifestyler Taschen gibt es inzwischen f\u00fcr \u2013 fast \u2013 jeden Zweck. Wir von UHLE KOMMUNIKATION mit Sitz in K\u00f6ln vertreiben unter dem Label INTOBAG ausschlie\u00dflich Taschen, die ein besonderes, oft sogar einzigartiges Design haben, sehr gute Funktionalit\u00e4t und ausgezeichnete Verarbeitung. Eben IntoBags. Besonders ist auch, dass wir daf\u00fcr zus\u00e4tzlich auf [&hellip;]<\/p>\n","protected":false},"author":1,"featured_media":0,"parent":0,"menu_order":0,"comment_status":"open","ping_status":"open","template":"","meta":{"footnotes":""},"class_list":["post-18","page","type-page","status-publish","hentry"],"yoast_head":"<!-- This site is optimized with the Yoast SEO plugin v19.14 - https:\/\/yoast.com\/wordpress\/plugins\/seo\/ -->\n<title>Home - IntoBags<\/title>\n<meta name=\"robots\" content=\"index, follow, max-snippet:-1, max-image-preview:large, max-video-preview:-1\" \/>\n<link rel=\"canonical\" href=\"https:\/\/intobags.de\/\" \/>\n<meta property=\"og:locale\" content=\"de_DE\" \/>\n<meta property=\"og:type\" content=\"article\" \/>\n<meta property=\"og:title\" content=\"Home - IntoBags\" \/>\n<meta property=\"og:description\" content=\"Die INTOBAG \u2013 Taschen f\u00fcr Lifestyler Taschen gibt es inzwischen f\u00fcr \u2013 fast \u2013 jeden Zweck. Wir von UHLE KOMMUNIKATION mit Sitz in K\u00f6ln vertreiben unter dem Label INTOBAG ausschlie\u00dflich Taschen, die ein besonderes, oft sogar einzigartiges Design haben, sehr gute Funktionalit\u00e4t und ausgezeichnete Verarbeitung. Eben IntoBags. Besonders ist auch, dass wir daf\u00fcr zus\u00e4tzlich auf [&hellip;]\" \/>\n<meta property=\"og:url\" content=\"https:\/\/intobags.de\/\" \/>\n<meta property=\"og:site_name\" content=\"IntoBags\" \/>\n<meta property=\"article:modified_time\" content=\"2018-07-12T22:37:57+00:00\" \/>\n<meta name=\"twitter:card\" content=\"summary_large_image\" \/>\n<meta name=\"twitter:label1\" content=\"Gesch\u00e4tzte Lesezeit\" \/>\n\t<meta name=\"twitter:data1\" content=\"1\u00a0Minute\" \/>\n<script type=\"application\/ld+json\" class=\"yoast-schema-graph\">{\"@context\":\"https:\/\/schema.org\",\"@graph\":[{\"@type\":\"WebPage\",\"@id\":\"https:\/\/intobags.de\/\",\"url\":\"https:\/\/intobags.de\/\",\"name\":\"Home - IntoBags\",\"isPartOf\":{\"@id\":\"https:\/\/intobags.de\/#website\"},\"datePublished\":\"2014-09-11T17:45:16+00:00\",\"dateModified\":\"2018-07-12T22:37:57+00:00\",\"breadcrumb\":{\"@id\":\"https:\/\/intobags.de\/#breadcrumb\"},\"inLanguage\":\"de\",\"potentialAction\":[{\"@type\":\"ReadAction\",\"target\":[\"https:\/\/intobags.de\/\"]}]},{\"@type\":\"BreadcrumbList\",\"@id\":\"https:\/\/intobags.de\/#breadcrumb\",\"itemListElement\":[{\"@type\":\"ListItem\",\"position\":1,\"name\":\"Startseite\",\"item\":\"https:\/\/intobags.de\/\"},{\"@type\":\"ListItem\",\"position\":2,\"name\":\"Home\"}]},{\"@type\":\"WebSite\",\"@id\":\"https:\/\/intobags.de\/#website\",\"url\":\"https:\/\/intobags.de\/\",\"name\":\"IntoBags\",\"description\":\"Eine weitere WordPress-Seite\",\"potentialAction\":[{\"@type\":\"SearchAction\",\"target\":{\"@type\":\"EntryPoint\",\"urlTemplate\":\"https:\/\/intobags.de\/?s={search_term_string}\"},\"query-input\":\"required name=search_term_string\"}],\"inLanguage\":\"de\"}]}<\/script>\n<!-- \/ Yoast SEO plugin. -->","yoast_head_json":{"title":"Home - IntoBags","robots":{"index":"index","follow":"follow","max-snippet":"max-snippet:-1","max-image-preview":"max-image-preview:large","max-video-preview":"max-video-preview:-1"},"canonical":"https:\/\/intobags.de\/","og_locale":"de_DE","og_type":"article","og_title":"Home - IntoBags","og_description":"Die INTOBAG \u2013 Taschen f\u00fcr Lifestyler Taschen gibt es inzwischen f\u00fcr \u2013 fast \u2013 jeden Zweck. Wir von UHLE KOMMUNIKATION mit Sitz in K\u00f6ln vertreiben unter dem Label INTOBAG ausschlie\u00dflich Taschen, die ein besonderes, oft sogar einzigartiges Design haben, sehr gute Funktionalit\u00e4t und ausgezeichnete Verarbeitung. Eben IntoBags. Besonders ist auch, dass wir daf\u00fcr zus\u00e4tzlich auf [&hellip;]","og_url":"https:\/\/intobags.de\/","og_site_name":"IntoBags","article_modified_time":"2018-07-12T22:37:57+00:00","twitter_card":"summary_large_image","twitter_misc":{"Gesch\u00e4tzte Lesezeit":"1\u00a0Minute"},"schema":{"@context":"https:\/\/schema.org","@graph":[{"@type":"WebPage","@id":"https:\/\/intobags.de\/","url":"https:\/\/intobags.de\/","name":"Home - IntoBags","isPartOf":{"@id":"https:\/\/intobags.de\/#website"},"datePublished":"2014-09-11T17:45:16+00:00","dateModified":"2018-07-12T22:37:57+00:00","breadcrumb":{"@id":"https:\/\/intobags.de\/#breadcrumb"},"inLanguage":"de","potentialAction":[{"@type":"ReadAction","target":["https:\/\/intobags.de\/"]}]},{"@type":"BreadcrumbList","@id":"https:\/\/intobags.de\/#breadcrumb","itemListElement":[{"@type":"ListItem","position":1,"name":"Startseite","item":"https:\/\/intobags.de\/"},{"@type":"ListItem","position":2,"name":"Home"}]},{"@type":"WebSite","@id":"https:\/\/intobags.de\/#website","url":"https:\/\/intobags.de\/","name":"IntoBags","description":"Eine weitere WordPress-Seite","potentialAction":[{"@type":"SearchAction","target":{"@type":"EntryPoint","urlTemplate":"https:\/\/intobags.de\/?s={search_term_string}"},"query-input":"required name=search_term_string"}],"inLanguage":"de"}]}},"_links":{"self":[{"href":"https:\/\/intobags.de\/index.php?rest_route=\/wp\/v2\/pages\/18","targetHints":{"allow":["GET"]}}],"collection":[{"href":"https:\/\/intobags.de\/index.php?rest_route=\/wp\/v2\/pages"}],"about":[{"href":"https:\/\/intobags.de\/index.php?rest_route=\/wp\/v2\/types\/page"}],"author":[{"embeddable":true,"href":"https:\/\/intobags.de\/index.php?rest_route=\/wp\/v2\/users\/1"}],"replies":[{"embeddable":true,"href":"https:\/\/intobags.de\/index.php?rest_route=%2Fwp%2Fv2%2Fcomments&post=18"}],"version-history":[{"count":7,"href":"https:\/\/intobags.de\/index.php?rest_route=\/wp\/v2\/pages\/18\/revisions"}],"predecessor-version":[{"id":220,"href":"https:\/\/intobags.de\/index.php?rest_route=\/wp\/v2\/pages\/18\/revisions\/220"}],"wp:attachment":[{"href":"https:\/\/intobags.de\/index.php?rest_route=%2Fwp%2Fv2%2Fmedia&parent=18"}],"curies":[{"name":"wp","href":"https:\/\/api.w.org\/{rel}","templated":true}]}}