{"id":15,"date":"2014-09-11T19:44:52","date_gmt":"2014-09-11T17:44:52","guid":{"rendered":"http:\/\/intobags.de\/?page_id=15"},"modified":"2022-08-27T03:34:24","modified_gmt":"2022-08-27T01:34:24","slug":"designtaschen","status":"publish","type":"page","link":"https:\/\/intobags.de\/?page_id=15","title":{"rendered":"DESIGN-TASCHEN"},"content":{"rendered":"<h1>Einzigartige Design-Taschen<\/h1>\n<p>Jede Tasche der Marke <em>YUCCA URBAN LOOK<\/em> ist ein Unikat. Ein toller unverwechselbarer Eyecatcher. Entwickelt von Designern, die hier Eleganz, Einzigartigkeit und Funktionalit\u00e4t verkn\u00fcpft haben. Schultertaschen, Messengertaschen, Kulturtaschen. Alle Taschen haben verstellbare Trageriemen. Produziert aus neuwertigen Werbeplanen. Hochwertig vern\u00e4ht, robust und mit strahlender Oberfl\u00e4che. Taschen, die in Spanien in kurzer Zeit bereits Kult-Status erreicht haben.<\/p>\n<p><a title=\"N\u00b0 4\" href=\"http:\/\/intobags.de\/oldstuff\/images\/nr4.jpg\" rel=\"lightbox[roadtrip]\"><img decoding=\"async\" src=\"http:\/\/intobags.de\/oldstuff\/images\/nr4-th.jpg\" alt=\"Nr 4\" \/><\/a><\/p>\n<div>(bitte Bild anklicken, und schon wird es gro\u00dfformatig)<\/div>\n<p><strong>No. 4<\/strong>: 27 x 30 x 6 cm, mit Rei\u00dfverschluss, Trageriemen bis 160 cm verstellbar, 4 cm breit, innen mit einem Karabinerhaken f\u00fcr einen Schl\u00fcsselbund, Innentasche mit Rei\u00dfverschluss (52 EURO)<\/p>\n<p><a title=\"N\u00b0 6\" href=\"http:\/\/intobags.de\/oldstuff\/images\/nr6.jpg\" rel=\"lightbox[roadtrip]\"><img decoding=\"async\" src=\"http:\/\/intobags.de\/oldstuff\/images\/nr6-th.jpg\" alt=\"Nr 6\" \/><\/a><\/p>\n<div>(bitte Bild anklicken, und schon wird es gro\u00dfformatig)<\/div>\n<p><strong>No. 6<\/strong>: 38 x 28 x 8 cm, mit Rei\u00dfverschluss, Trageriemen bis 160 cm verstellbar, 5 cm breit, innen mit einem Karabinerhaken f\u00fcr einen Schl\u00fcsselbund (84 EURO)<\/p>\n<p><a title=\"Soller\" href=\"http:\/\/intobags.de\/oldstuff\/images\/Soller.jpg\" rel=\"lightbox[roadtrip]\"><img decoding=\"async\" src=\"http:\/\/intobags.de\/oldstuff\/images\/Soller-th.jpg\" alt=\"Soller\" \/><\/a><\/p>\n<div>(bitte Bild anklicken, und schon wird es gro\u00dfformatig)<\/div>\n<p><strong>Soller <\/strong>(Kulturtasche): 20 x 19 x 5 cm, mit Rei\u00dfverschluss (21 EURO)<\/p>\n<p>Alle Preise verstehen sich inklusive der gesetzlichen Mehrwertsteuer.<\/p>\n<p><strong>Kein Versand!<\/strong> Vereinbaren Sie einen Termin, um sich bei uns in K\u00f6ln Ihre individuelle Tasche auszusuchen.<\/p>\n<p>Kontakt via<\/p>\n<p><a title=\"E-Mail-Adresse\" href=\"mailto:info@uk-agentur.de\">info\u2202uk-agentur.de<\/a><br \/>\noder<br \/>\n+49 221 &#8211; 374006<\/p>\n","protected":false},"excerpt":{"rendered":"<p>Einzigartige Design-Taschen Jede Tasche der Marke YUCCA URBAN LOOK ist ein Unikat. Ein toller unverwechselbarer Eyecatcher. Entwickelt von Designern, die hier Eleganz, Einzigartigkeit und Funktionalit\u00e4t verkn\u00fcpft haben. Schultertaschen, Messengertaschen, Kulturtaschen. Alle Taschen haben verstellbare Trageriemen. Produziert aus neuwertigen Werbeplanen. Hochwertig vern\u00e4ht, robust und mit strahlender Oberfl\u00e4che. Taschen, die in Spanien in kurzer Zeit bereits Kult-Status [&hellip;]<\/p>\n","protected":false},"author":1,"featured_media":0,"parent":0,"menu_order":0,"comment_status":"open","ping_status":"open","template":"","meta":{"footnotes":""},"class_list":["post-15","page","type-page","status-publish","hentry"],"yoast_head":"<!-- This site is optimized with the Yoast SEO plugin v19.14 - https:\/\/yoast.com\/wordpress\/plugins\/seo\/ -->\n<title>DESIGN-TASCHEN - IntoBags<\/title>\n<meta name=\"robots\" content=\"index, follow, max-snippet:-1, max-image-preview:large, max-video-preview:-1\" \/>\n<link rel=\"canonical\" href=\"https:\/\/intobags.de\/?page_id=15\" \/>\n<meta property=\"og:locale\" content=\"de_DE\" \/>\n<meta property=\"og:type\" content=\"article\" \/>\n<meta property=\"og:title\" content=\"DESIGN-TASCHEN - IntoBags\" \/>\n<meta property=\"og:description\" content=\"Einzigartige Design-Taschen Jede Tasche der Marke YUCCA URBAN LOOK ist ein Unikat. Ein toller unverwechselbarer Eyecatcher. Entwickelt von Designern, die hier Eleganz, Einzigartigkeit und Funktionalit\u00e4t verkn\u00fcpft haben. Schultertaschen, Messengertaschen, Kulturtaschen. Alle Taschen haben verstellbare Trageriemen. Produziert aus neuwertigen Werbeplanen. Hochwertig vern\u00e4ht, robust und mit strahlender Oberfl\u00e4che. Taschen, die in Spanien in kurzer Zeit bereits Kult-Status [&hellip;]\" \/>\n<meta property=\"og:url\" content=\"https:\/\/intobags.de\/?page_id=15\" \/>\n<meta property=\"og:site_name\" content=\"IntoBags\" \/>\n<meta property=\"article:modified_time\" content=\"2022-08-27T01:34:24+00:00\" \/>\n<meta property=\"og:image\" content=\"http:\/\/intobags.de\/oldstuff\/images\/nr4-th.jpg\" \/>\n<meta name=\"twitter:card\" content=\"summary_large_image\" \/>\n<meta name=\"twitter:label1\" content=\"Gesch\u00e4tzte Lesezeit\" \/>\n\t<meta name=\"twitter:data1\" content=\"1\u00a0Minute\" \/>\n<script type=\"application\/ld+json\" class=\"yoast-schema-graph\">{\"@context\":\"https:\/\/schema.org\",\"@graph\":[{\"@type\":\"WebPage\",\"@id\":\"https:\/\/intobags.de\/?page_id=15\",\"url\":\"https:\/\/intobags.de\/?page_id=15\",\"name\":\"DESIGN-TASCHEN - IntoBags\",\"isPartOf\":{\"@id\":\"https:\/\/intobags.de\/#website\"},\"datePublished\":\"2014-09-11T17:44:52+00:00\",\"dateModified\":\"2022-08-27T01:34:24+00:00\",\"breadcrumb\":{\"@id\":\"https:\/\/intobags.de\/?page_id=15#breadcrumb\"},\"inLanguage\":\"de\",\"potentialAction\":[{\"@type\":\"ReadAction\",\"target\":[\"https:\/\/intobags.de\/?page_id=15\"]}]},{\"@type\":\"BreadcrumbList\",\"@id\":\"https:\/\/intobags.de\/?page_id=15#breadcrumb\",\"itemListElement\":[{\"@type\":\"ListItem\",\"position\":1,\"name\":\"Startseite\",\"item\":\"https:\/\/intobags.de\/\"},{\"@type\":\"ListItem\",\"position\":2,\"name\":\"DESIGN-TASCHEN\"}]},{\"@type\":\"WebSite\",\"@id\":\"https:\/\/intobags.de\/#website\",\"url\":\"https:\/\/intobags.de\/\",\"name\":\"IntoBags\",\"description\":\"Eine weitere WordPress-Seite\",\"potentialAction\":[{\"@type\":\"SearchAction\",\"target\":{\"@type\":\"EntryPoint\",\"urlTemplate\":\"https:\/\/intobags.de\/?s={search_term_string}\"},\"query-input\":\"required name=search_term_string\"}],\"inLanguage\":\"de\"}]}<\/script>\n<!-- \/ Yoast SEO plugin. -->","yoast_head_json":{"title":"DESIGN-TASCHEN - IntoBags","robots":{"index":"index","follow":"follow","max-snippet":"max-snippet:-1","max-image-preview":"max-image-preview:large","max-video-preview":"max-video-preview:-1"},"canonical":"https:\/\/intobags.de\/?page_id=15","og_locale":"de_DE","og_type":"article","og_title":"DESIGN-TASCHEN - IntoBags","og_description":"Einzigartige Design-Taschen Jede Tasche der Marke YUCCA URBAN LOOK ist ein Unikat. Ein toller unverwechselbarer Eyecatcher. Entwickelt von Designern, die hier Eleganz, Einzigartigkeit und Funktionalit\u00e4t verkn\u00fcpft haben. Schultertaschen, Messengertaschen, Kulturtaschen. Alle Taschen haben verstellbare Trageriemen. Produziert aus neuwertigen Werbeplanen. Hochwertig vern\u00e4ht, robust und mit strahlender Oberfl\u00e4che. Taschen, die in Spanien in kurzer Zeit bereits Kult-Status [&hellip;]","og_url":"https:\/\/intobags.de\/?page_id=15","og_site_name":"IntoBags","article_modified_time":"2022-08-27T01:34:24+00:00","og_image":[{"url":"http:\/\/intobags.de\/oldstuff\/images\/nr4-th.jpg"}],"twitter_card":"summary_large_image","twitter_misc":{"Gesch\u00e4tzte Lesezeit":"1\u00a0Minute"},"schema":{"@context":"https:\/\/schema.org","@graph":[{"@type":"WebPage","@id":"https:\/\/intobags.de\/?page_id=15","url":"https:\/\/intobags.de\/?page_id=15","name":"DESIGN-TASCHEN - IntoBags","isPartOf":{"@id":"https:\/\/intobags.de\/#website"},"datePublished":"2014-09-11T17:44:52+00:00","dateModified":"2022-08-27T01:34:24+00:00","breadcrumb":{"@id":"https:\/\/intobags.de\/?page_id=15#breadcrumb"},"inLanguage":"de","potentialAction":[{"@type":"ReadAction","target":["https:\/\/intobags.de\/?page_id=15"]}]},{"@type":"BreadcrumbList","@id":"https:\/\/intobags.de\/?page_id=15#breadcrumb","itemListElement":[{"@type":"ListItem","position":1,"name":"Startseite","item":"https:\/\/intobags.de\/"},{"@type":"ListItem","position":2,"name":"DESIGN-TASCHEN"}]},{"@type":"WebSite","@id":"https:\/\/intobags.de\/#website","url":"https:\/\/intobags.de\/","name":"IntoBags","description":"Eine weitere WordPress-Seite","potentialAction":[{"@type":"SearchAction","target":{"@type":"EntryPoint","urlTemplate":"https:\/\/intobags.de\/?s={search_term_string}"},"query-input":"required name=search_term_string"}],"inLanguage":"de"}]}},"_links":{"self":[{"href":"https:\/\/intobags.de\/index.php?rest_route=\/wp\/v2\/pages\/15","targetHints":{"allow":["GET"]}}],"collection":[{"href":"https:\/\/intobags.de\/index.php?rest_route=\/wp\/v2\/pages"}],"about":[{"href":"https:\/\/intobags.de\/index.php?rest_route=\/wp\/v2\/types\/page"}],"author":[{"embeddable":true,"href":"https:\/\/intobags.de\/index.php?rest_route=\/wp\/v2\/users\/1"}],"replies":[{"embeddable":true,"href":"https:\/\/intobags.de\/index.php?rest_route=%2Fwp%2Fv2%2Fcomments&post=15"}],"version-history":[{"count":28,"href":"https:\/\/intobags.de\/index.php?rest_route=\/wp\/v2\/pages\/15\/revisions"}],"predecessor-version":[{"id":241,"href":"https:\/\/intobags.de\/index.php?rest_route=\/wp\/v2\/pages\/15\/revisions\/241"}],"wp:attachment":[{"href":"https:\/\/intobags.de\/index.php?rest_route=%2Fwp%2Fv2%2Fmedia&parent=15"}],"curies":[{"name":"wp","href":"https:\/\/api.w.org\/{rel}","templated":true}]}}